{"id":721,"date":"2019-07-02T14:02:20","date_gmt":"2019-07-02T12:02:20","guid":{"rendered":"https:\/\/eddyros.com\/?page_id=721"},"modified":"2019-12-12T17:21:53","modified_gmt":"2019-12-12T16:21:53","slug":"biographie","status":"publish","type":"page","link":"https:\/\/eddyros.com\/en\/biographie\/","title":{"rendered":"Biography"},"content":{"rendered":"<p><strong>Eddy Ros<\/strong>&nbsp;was born on August 15, 1973 in Dijon.<\/p>\n\n\n\n<p>He began learning classical percussion at the age of 9 and for 5 years and then turned to the battery self-taught. He takes classes from March 1993 and starts in September of the same year.<\/p>\n\n\n\n<p>Eddy is involved in various national courses with drummers such as:&nbsp;<strong>Joe Porcaro<\/strong>,&nbsp;<strong>Robin Dimaggio<\/strong>,&nbsp;<strong>Tal<\/strong>&nbsp;<strong>Bergmann<\/strong>,&nbsp;<strong>Dom Famularo<\/strong>,&nbsp;<strong>Gilles Choir<\/strong>,&nbsp;<strong>Philippe Falliex<\/strong>,&nbsp;<strong>Mark Mondesir<\/strong>,&nbsp;<strong>Jean My Truong<\/strong>,&nbsp;<strong>David<\/strong>&nbsp;<strong>Pouradier Duteil<\/strong>,&nbsp;<strong>Russ Miller\u2026<\/strong><\/p>\n\n\n\n<p>He will also organize two drums workshops in New York in 2011 and 2012.<\/p>\n\n\n\n<p>He created an international drum festival in Dijon in 2013 and 2015 with Dom Famularo, Emmanuelle Caplette, Claus Hessler, Olivier Baldissera and Chester Thomson<\/p>\n\n\n\n<p>Eddy will join Dom Famularo's faculty team in 2014 and become a \"Wizdom Drumshed\" school.<\/p>\n\n\n\n<p>To continue to be always at the top of the education, Eddy has regularly taken classes with Thomas Patris, Bertrand Renaudin, Dom Famularo, Sergio Bellotti, Rick Latham and Chester Thomson.&nbsp;<strong>Thomas<\/strong>&nbsp;<strong>Patris<\/strong>,&nbsp;<strong>Bertrand Renaudin<\/strong>,&nbsp;<strong>Dom Famularo<\/strong>,&nbsp;<strong>Sergio Bellotti<\/strong>,&nbsp;<strong>Rick Latham<\/strong>&nbsp;<strong>et Chester Thomson.<\/strong><\/p>\n\n\n\n<p><strong>Thus Eddy is known and recognized as an excellent pedagogue and can transmit to his students a high quality education. That's why he was able to integrate international educational programs:&nbsp;<\/strong><\/p>\n\n\n\n<ul><li><strong>\u201cPrivate Drum Teacher\u201d de Vic Firth<\/strong><\/li><li><strong>Roland Education<\/strong><\/li><li><strong>Sabian Education Network<\/strong><\/li><li><strong>D\u2019addario Education Collective<\/strong><\/li><\/ul>\n\n\n\n<p>He is also a member of the prestigious&nbsp;<strong>Percussive Art<\/strong>&nbsp;<strong>Society<\/strong>&nbsp;and&nbsp;<strong>Namm<\/strong>.<\/p>\n\n\n\n<p>Along with his teaching job, Eddy has forged a solid musical experience having played in various musical groups:<\/p>\n\n\n\n<ul><li>\u00ab&nbsp;Between us \u00bb (blues)<\/li><li>\u00ab Cairns \u00bb (rock progressif)<\/li><li>\u00ab Cocktail 96 \u00bb et \u00ab Cocktail musette \u00bb (orchestre de vari\u00e9t\u00e9s et musette)<\/li><li>\u00ab T\u2019es qui la salsa \u00bb (salsa)<\/li><li>\u00ab Tio Pepe \u00bb (flamenco rock)<\/li><li>Yann Ferry (pop rock)<\/li><li>\u00ab Seiya \u00bb (pop rock)<\/li><li>\u00ab&nbsp;Cath\u2019Lynn&nbsp;\u00bb (pop)<\/li><li>\u00ab&nbsp;Mothership Connection&nbsp;\u00bb (disco funk)<\/li><li>Allan Ryan (chanson fran\u00e7aise)<\/li><\/ul>\n\n\n\n<div class=\"wp-block-image\"><figure class=\"aligncenter is-resized\"><img decoding=\"async\" loading=\"lazy\" src=\"https:\/\/eddyros.com\/wp-content\/uploads\/2019\/02\/Lineage_EddyRos_11x17_Web-1024x663.png\" alt=\"\" class=\"wp-image-222\" width=\"557\" height=\"360\" srcset=\"https:\/\/eddyros.com\/wp-content\/uploads\/2019\/02\/Lineage_EddyRos_11x17_Web-1024x663.png 1024w, https:\/\/eddyros.com\/wp-content\/uploads\/2019\/02\/Lineage_EddyRos_11x17_Web-300x194.png 300w, https:\/\/eddyros.com\/wp-content\/uploads\/2019\/02\/Lineage_EddyRos_11x17_Web-768x497.png 768w\" sizes=\"(max-width: 557px) 100vw, 557px\" \/><\/figure><\/div>\n\n\n\n<div class=\"wp-block-image\"><figure class=\"aligncenter is-resized\"><img decoding=\"async\" loading=\"lazy\" src=\"https:\/\/eddyros.com\/wp-content\/uploads\/2019\/02\/EDDY-ROS-05-Diplome-Vic-Firth-1024x794.jpg\" alt=\"\" class=\"wp-image-221\" width=\"305\" height=\"236\" srcset=\"https:\/\/eddyros.com\/wp-content\/uploads\/2019\/02\/EDDY-ROS-05-Diplome-Vic-Firth-1024x794.jpg 1024w, https:\/\/eddyros.com\/wp-content\/uploads\/2019\/02\/EDDY-ROS-05-Diplome-Vic-Firth-300x233.jpg 300w, https:\/\/eddyros.com\/wp-content\/uploads\/2019\/02\/EDDY-ROS-05-Diplome-Vic-Firth-768x596.jpg 768w\" sizes=\"(max-width: 305px) 100vw, 305px\" \/><\/figure><\/div>\n\n\n\n<div class=\"wp-block-image\"><figure class=\"aligncenter is-resized\"><img decoding=\"async\" loading=\"lazy\" src=\"https:\/\/eddyros.com\/wp-content\/uploads\/2019\/02\/DIPLOME-SABIAN-EDUCATION-NETWORK-1024x796.jpg\" alt=\"\" class=\"wp-image-220\" width=\"315\" height=\"244\"\/><\/figure><\/div>\n\n\n\n<div class=\"wp-block-image\"><figure class=\"aligncenter is-resized\"><img decoding=\"async\" loading=\"lazy\" src=\"https:\/\/eddyros.com\/wp-content\/uploads\/2019\/02\/02-Eddy-Ros-11-1024x683.jpg\" alt=\"\" class=\"wp-image-217\" width=\"393\" height=\"261\" srcset=\"https:\/\/eddyros.com\/wp-content\/uploads\/2019\/02\/02-Eddy-Ros-11-1024x683.jpg 1024w, https:\/\/eddyros.com\/wp-content\/uploads\/2019\/02\/02-Eddy-Ros-11-300x200.jpg 300w, https:\/\/eddyros.com\/wp-content\/uploads\/2019\/02\/02-Eddy-Ros-11.jpg 1440w\" sizes=\"(max-width: 393px) 100vw, 393px\" \/><\/figure><\/div>","protected":false},"excerpt":{"rendered":"<p>Eddy Ros&nbsp;est n\u00e9 le 15 ao\u00fbt 1973 \u00e0 Dijon. Il commence l\u2019apprentissage de la percussion classique d\u00e9s l\u2019\u00e2ge de 9 ans et ce pendant 5 ans puis s\u2019oriente vers la batterie en autodidacte. Il prend des cours de batterie \u00e0 partir de Mars 1993 et commence d\u2019enseigner en septembre de la m\u00eame ann\u00e9e. Eddy intervient dans diff\u00e9rents stages nationaux aupr\u00e8s de batteurs tel que :&nbsp;Joe Porcaro,&nbsp;Robin Dimaggio,&nbsp;Tal&nbsp;Bergmann,&nbsp;Dom Famularo,&nbsp;Gilles Choir,&nbsp;Philippe Falliex,&nbsp;Mark Mondesir,&nbsp;Jean My Truong,&nbsp;David&nbsp;Pouradier Duteil,&nbsp;Russ Miller\u2026 Il organisera \u00e9galement deux stages de batterie \u00e0 New York en 2011 et 2012. Il cr\u00e9a un festival international de batterie \u00e0 Dijon en 2013 et 2015 avec Dom Famularo, Emmanuelle Caplette, Claus Hessler, Olivier Baldissera et Chester Thomson Eddy rejoindra en 2014 l\u2019\u00e9quipe de professeurs de Dom Famularo et deviendra une \u201cWizdom Drumshed\u201d school. Pour continuer \u00e0 \u00eatre toujours au top de l\u2019enseignement, Eddy a pris r\u00e9guli\u00e8rement des cours avec&nbsp;Thomas&nbsp;Patris,&nbsp;Bertrand Renaudin,&nbsp;Dom Famularo,&nbsp;Sergio Bellotti,&nbsp;Rick Latham&nbsp;et Chester Thomson. Ainsi Eddy est connu et reconnu en tant qu\u2019excellent p\u00e9dagogue et peut transmettre \u00e0 ses \u00e9l\u00e8ves un enseignement de haute qualit\u00e9. C\u2019est pour cela qu\u2019il a pu int\u00e9grer des programmes p\u00e9dagogiques internationaux&nbsp;:&nbsp; \u201cPrivate Drum Teacher\u201d de Vic Firth Roland Education Sabian Education Network D\u2019addario Education Collective Il est \u00e9galement membre de la prestigieuse&nbsp;Percussive Art&nbsp;Society&nbsp;et du&nbsp;Namm. Parall\u00e8lement \u00e0 son m\u00e9tier d\u2019enseignant, Eddy s\u2019est forg\u00e9 une solide exp\u00e9rience musicale en ayant jou\u00e9 dans diverses formations musicales : \u00ab&nbsp;Between us \u00bb (blues) \u00ab Cairns \u00bb (rock progressif) \u00ab Cocktail 96 \u00bb et \u00ab Cocktail musette \u00bb (orchestre de vari\u00e9t\u00e9s et musette) \u00ab T\u2019es qui la salsa \u00bb (salsa) \u00ab Tio Pepe \u00bb (flamenco rock) Yann Ferry (pop rock) \u00ab Seiya \u00bb (pop rock) \u00ab&nbsp;Cath\u2019Lynn&nbsp;\u00bb (pop) \u00ab&nbsp;Mothership Connection&nbsp;\u00bb (disco funk) Allan Ryan (chanson fran\u00e7aise)<\/p>","protected":false},"author":1,"featured_media":0,"parent":0,"menu_order":0,"comment_status":"closed","ping_status":"closed","template":"","meta":[],"_links":{"self":[{"href":"https:\/\/eddyros.com\/en\/wp-json\/wp\/v2\/pages\/721"}],"collection":[{"href":"https:\/\/eddyros.com\/en\/wp-json\/wp\/v2\/pages"}],"about":[{"href":"https:\/\/eddyros.com\/en\/wp-json\/wp\/v2\/types\/page"}],"author":[{"embeddable":true,"href":"https:\/\/eddyros.com\/en\/wp-json\/wp\/v2\/users\/1"}],"replies":[{"embeddable":true,"href":"https:\/\/eddyros.com\/en\/wp-json\/wp\/v2\/comments?post=721"}],"version-history":[{"count":12,"href":"https:\/\/eddyros.com\/en\/wp-json\/wp\/v2\/pages\/721\/revisions"}],"predecessor-version":[{"id":1349,"href":"https:\/\/eddyros.com\/en\/wp-json\/wp\/v2\/pages\/721\/revisions\/1349"}],"wp:attachment":[{"href":"https:\/\/eddyros.com\/en\/wp-json\/wp\/v2\/media?parent=721"}],"curies":[{"name":"wp","href":"https:\/\/api.w.org\/{rel}","templated":true}]}}