{"id":259,"date":"2019-02-25T23:00:17","date_gmt":"2019-02-25T22:00:17","guid":{"rendered":"http:\/\/eddyros.com\/?page_id=259"},"modified":"2023-03-29T12:52:35","modified_gmt":"2023-03-29T10:52:35","slug":"the-store","status":"publish","type":"page","link":"https:\/\/eddyros.com\/fr\/the-store\/","title":{"rendered":"The STORE"},"content":{"rendered":"\n<p><strong>The Eddy Ros&#8217; Official STORE<\/strong><\/p>\n\n\n\n<p> Vous trouverez ici mes m\u00e9thodes, mes baguettes et des id\u00e9es cadeaux.<\/p>\n\n\n\n<p>Paiement s\u00e9curis\u00e9.<\/p>\n\n\n\n<p>Cliquez sur le lien ci- dessous pour acc\u00e9der \u00e0 la boutique:<\/p>\n\n\n\n<p><a href=\"https:\/\/eddyros.sumupstore.com\/\" target=\"_blank\" rel=\"noreferrer noopener\">eddyros.sumupstore.com<\/a><\/p>\n","protected":false},"excerpt":{"rendered":"<p>The Eddy Ros&#8217; Official STORE Vous trouverez ici mes m\u00e9thodes, mes baguettes et des id\u00e9es cadeaux. Paiement s\u00e9curis\u00e9. Cliquez sur le lien ci- dessous pour acc\u00e9der \u00e0 la boutique: eddyros.sumupstore.com<\/p>\n","protected":false},"author":1,"featured_media":0,"parent":0,"menu_order":0,"comment_status":"closed","ping_status":"closed","template":"","meta":[],"_links":{"self":[{"href":"https:\/\/eddyros.com\/fr\/wp-json\/wp\/v2\/pages\/259"}],"collection":[{"href":"https:\/\/eddyros.com\/fr\/wp-json\/wp\/v2\/pages"}],"about":[{"href":"https:\/\/eddyros.com\/fr\/wp-json\/wp\/v2\/types\/page"}],"author":[{"embeddable":true,"href":"https:\/\/eddyros.com\/fr\/wp-json\/wp\/v2\/users\/1"}],"replies":[{"embeddable":true,"href":"https:\/\/eddyros.com\/fr\/wp-json\/wp\/v2\/comments?post=259"}],"version-history":[{"count":9,"href":"https:\/\/eddyros.com\/fr\/wp-json\/wp\/v2\/pages\/259\/revisions"}],"predecessor-version":[{"id":4195,"href":"https:\/\/eddyros.com\/fr\/wp-json\/wp\/v2\/pages\/259\/revisions\/4195"}],"wp:attachment":[{"href":"https:\/\/eddyros.com\/fr\/wp-json\/wp\/v2\/media?parent=259"}],"curies":[{"name":"wp","href":"https:\/\/api.w.org\/{rel}","templated":true}]}}