{"id":43,"date":"2019-02-20T19:18:08","date_gmt":"2019-02-20T18:18:08","guid":{"rendered":"http:\/\/eddyros.com\/register\/"},"modified":"2019-02-25T18:08:58","modified_gmt":"2019-02-25T17:08:58","slug":"register","status":"publish","type":"page","link":"https:\/\/eddyros.com\/fr\/register\/","title":{"rendered":"S&#8217;enregistrer"},"content":{"rendered":"        <form enctype=\"multipart\/form-data\" method=\"post\" id=\"wppb-register-user\" class=\"wppb-user-forms wppb-register-user wppb-user-logged-out\" action=\"https:\/\/eddyros.com\/fr\/wp-json\/wp\/v2\/pages\/43\">\n\t\t\t<ul><li class=\"wppb-form-field wppb-default-name-heading\" id=\"wppb-form-element-1\"><h4>Nom<\/h4><span class=\"wppb-description-delimiter \"><\/span><\/li><li class=\"wppb-form-field wppb-default-username\" id=\"wppb-form-element-2\">\n\t\t\t<label for=\"username\">Nom d'utilisateur<span class=\"wppb-required\" title=\"Ce champ est obligatoire\">*<\/span><\/label>\n\t\t\t<input class=\"text-input default_field_username \" name=\"username\" maxlength=\"70\" type=\"text\" id=\"username\" value=\"\"   required \/><\/li><li class=\"wppb-form-field wppb-default-first-name\" id=\"wppb-form-element-3\">\n\t\t\t<label for=\"first_name\">Pr\u00e9nom<span class=\"wppb-required\" title=\"Ce champ est obligatoire\">*<\/span><\/label>\n\t\t\t<input class=\"text-input default_field_firstname \" name=\"first_name\" maxlength=\"70\" type=\"text\" id=\"first_name\" value=\"\"  required  \/><\/li><li class=\"wppb-form-field wppb-default-last-name\" id=\"wppb-form-element-4\">\n\t\t\t<label for=\"last_name\">Nom<span class=\"wppb-required\" title=\"Ce champ est obligatoire\">*<\/span><\/label>\n\t\t\t<input class=\"text-input default_field_lastname \" name=\"last_name\" maxlength=\"70\" type=\"text\" id=\"last_name\" value=\"\"  required \/><\/li><li class=\"wppb-form-field wppb-default-contact-info-heading\" id=\"wppb-form-element-7\"><h4>Contact Info<\/h4><span class=\"wppb-description-delimiter \"><\/span><\/li><li class=\"wppb-form-field wppb-default-e-mail\" id=\"wppb-form-element-8\">\n\t\t\t<label for=\"email\">E-mail<span class=\"wppb-required\" title=\"Ce champ est obligatoire\">*<\/span><\/label>\n\t\t\t<input class=\"text-input default_field_email \" name=\"email\" maxlength=\"70\" type=\"email\" id=\"email\" value=\"\"  required  \/><\/li><li class=\"wppb-form-field wppb-default-password\" id=\"wppb-form-element-12\">\n\t\t\t<label for=\"passw1\">Mot De Passe<span class=\"wppb-required\" title=\"Ce champ est obligatoire\">*<\/span><\/label>\n\t\t\t<input class=\"text-input \" name=\"passw1\" maxlength=\"70\" type=\"password\" id=\"passw1\" value=\"\" autocomplete=\"off\"  required \/><span class=\"wppb-description-delimiter\">Minimum length of 6 characters. <br>The password must have a minimum strength of Moyen.<\/span><span id=\"pass-strength-result\">Indicateur de s\u00fbret\u00e9<\/span>\n        <input type=\"hidden\" value=\"\" name=\"wppb_password_strength\" id=\"wppb_password_strength\"\/><\/li><li class=\"wppb-form-field wppb-default-repeat-password\" id=\"wppb-form-element-13\">\n\t\t\t<label for=\"passw2\">R\u00e9p\u00e9ter Le Mot De Passe<span class=\"wppb-required\" title=\"Ce champ est obligatoire\">*<\/span><\/label>\n\t\t\t<input class=\"text-input \" name=\"passw2\" maxlength=\"70\" type=\"password\" id=\"passw2\" value=\"\" autocomplete=\"off\"  required \/><\/li><li class=\"wppb-form-field wppb-gdpr-checkbox wppb-checkbox\" id=\"wppb-form-element-14\">\n\t\t\t\t<label for=\"user_consent_gdpr\">\n\t\t\t\t<input value=\"agree\" name=\"user_consent_gdpr\" id=\"user_consent_gdpr\" type=\"checkbox\" class=\"custom_field_gdpr\"  required   \/>J'autorise le site Web \u00e0 collecter et \u00e0 stocker les donn\u00e9es que je soumets via ce formulaire.<span class=\"wppb-required\" title=\"Ce champ est obligatoire\">*<\/span><\/label><\/li><\/ul><ul><\/ul>\t\t\t<p class=\"form-submit\"  >\n\t\t\t\t                \t\t\t\t<input name=\"register\" type=\"submit\" id=\"register\" class=\"submit button\" value=\"S&#039;inscrire\" \/>\n                \t\t\t\t<input name=\"action\" type=\"hidden\" id=\"action\" value=\"register\" \/>\n\t\t\t\t<input name=\"form_name\" type=\"hidden\" id=\"form_name\" value=\"unspecified\" \/>\n\t\t\t\t<input name=\"form_id\" type=\"hidden\" id=\"form_id\" value=\"\" \/>\n\t\t\t\t\t\t\t<\/p><!-- .form-submit -->\n\t\t\t<input type=\"hidden\" id=\"register_unspecified_nonce_field\" name=\"register_unspecified_nonce_field\" value=\"b35031f319\" \/><input type=\"hidden\" name=\"_wp_http_referer\" value=\"\/fr\/wp-json\/wp\/v2\/pages\/43\" \/>\t\t<\/form>\n\t\t\n","protected":false},"excerpt":{"rendered":"","protected":false},"author":1,"featured_media":0,"parent":0,"menu_order":0,"comment_status":"closed","ping_status":"closed","template":"","meta":[],"_links":{"self":[{"href":"https:\/\/eddyros.com\/fr\/wp-json\/wp\/v2\/pages\/43"}],"collection":[{"href":"https:\/\/eddyros.com\/fr\/wp-json\/wp\/v2\/pages"}],"about":[{"href":"https:\/\/eddyros.com\/fr\/wp-json\/wp\/v2\/types\/page"}],"author":[{"embeddable":true,"href":"https:\/\/eddyros.com\/fr\/wp-json\/wp\/v2\/users\/1"}],"replies":[{"embeddable":true,"href":"https:\/\/eddyros.com\/fr\/wp-json\/wp\/v2\/comments?post=43"}],"version-history":[{"count":1,"href":"https:\/\/eddyros.com\/fr\/wp-json\/wp\/v2\/pages\/43\/revisions"}],"predecessor-version":[{"id":76,"href":"https:\/\/eddyros.com\/fr\/wp-json\/wp\/v2\/pages\/43\/revisions\/76"}],"wp:attachment":[{"href":"https:\/\/eddyros.com\/fr\/wp-json\/wp\/v2\/media?parent=43"}],"curies":[{"name":"wp","href":"https:\/\/api.w.org\/{rel}","templated":true}]}}