{"id":714,"date":"2019-07-02T13:49:26","date_gmt":"2019-07-02T11:49:26","guid":{"rendered":"https:\/\/eddyros.com\/?page_id=714"},"modified":"2019-07-02T13:52:55","modified_gmt":"2019-07-02T11:52:55","slug":"methodes","status":"publish","type":"page","link":"https:\/\/eddyros.com\/fr\/methodes\/","title":{"rendered":"Methodes"},"content":{"rendered":"<p><br \/><br \/><!--StartFragment--><\/p>\n\n\n<p>J\u2019ai \u00e9crit une m\u00e9thode de batterie en deux volumes le \u00ab<strong>Progressive Drum Book<\/strong>\u00bb.<\/p>\n\n\n\n<p>Cette m\u00e9thode a pour objectifs d\u2019apprendre aux d\u00e9butants \u00e0 d\u00e9chiffrer le solf\u00e8ge rythmique, \u00e0 se familiariser avec tout le set de batterie et \u00e0 se faire plaisir en interpr\u00e9tant de vrais rythmes et fills.<\/p>\n\n\n\n<p>Outre les objectifs ci-dessus, cette m\u00e9thode vise aussi \u00e0 d\u00e9velopper la personnalit\u00e9 de l\u2019\u00e9l\u00e8ve et sa musicalit\u00e9 en jouant des grooves. Ceux-ci sont enregistr\u00e9s sur un CD joint \u00e0 chaque volume. L\u2019\u00e9l\u00e8ve peut s\u2019exercer accompagn\u00e9 par une guitare basse et un m\u00e9tronome ou, s\u2019il pr\u00e9f\u00e8re avec la batterie et la basse.<\/p>\n\n\n\n<p>Cette m\u00e9thode est faite pour les d\u00e9butants afin qu\u2019ils commencent la pratique de l\u2019instrument avec un outil convivial leur permettant de s\u2019exprimer pleinement sur tout l\u2019instrument et de d\u00e9velopper tr\u00e8s t\u00f4t des concepts chers \u00e0 mon \u00e9cole (ind\u00e9pendance, rigueur du tempo, groove, etc\u2026).<\/p>\n\n\n\n<p><strong>Cette m\u00e9thode a \u00e9t\u00e9 pr\u00e9fac\u00e9e par 4 grands batteurs : Gilles Choir, Joe Porcaro, Robin Di Maggio et Dom Famularo.<\/strong><\/p>\n\n\n\n<p>La m\u00e9thode est \u00e9dit\u00e9e aux&nbsp;<strong>\u00e9ditions Henry Lemoine<\/strong>.<\/p>\n\n\n\n<p>Elle est disponible dans toutes les librairies musicales et les magasins de musique.<\/p>\n\n\n\n<p>Vous pouvez \u00e9galement la trouver sur le site internet Drumbooksstore en cliquant sur les liens suivants :<\/p>\n\n\n\n<p><a href=\"http:\/\/www.drumbooksstore.com\/product\/progressivedrumbook1\/\" target=\"_blank\" rel=\"noreferrer noopener\">Progressive Drum Book Volume 1<\/a><\/p>\n\n\n\n<p><a href=\"http:\/\/www.drumbooksstore.com\/product\/progressivedrumbook2\/\" target=\"_blank\" rel=\"noreferrer noopener\">Progressive Drum Book Volume 2<\/a><\/p>\n\n\n\n<p><strong>Pr\u00e9face de Dom Famularo<\/strong> : \u00abIt takes time, dedication,commitment, experience, passion and unending perseverence to write a very clearmethod for modern drum set. Eddy has succeededand set to learning that educational and fun ! EXCELLENT !\u00bb<\/p>\n\n\n\n<p><strong>Pr\u00e9face de Joe Porcaro<\/strong> : \u00abThis drum manuel by Eddy Ros is one of the best systematic approaches torock drumming for beginning drummers.\u00bb<\/p>\n\n\n\n<p><strong>Pr\u00e9face de Gilles Choir<\/strong> : \u00abCette m\u00e9thode r\u00e9unit avec talentet originalit\u00e9 tout ce dont un batteur a besoin de travailler pour pouvoirs\u2019exprimer sur l\u2019instrument. Une belle et int\u00e9ressante approche qui vous aidera \u00e0 d\u00e9velopper votre musicalit\u00e9. Bon travail \u00e0 tous !\u00bb<\/p>\n\n\n\n<p><strong>Pr\u00e9face de Robin DiMaggio<\/strong> : \u00abThe wonderful approach that myfriend Eddy has compiled in his drum book will take you on a journey of modern rock drumming, apply the groove and enjoy.\u00bb<\/p>\n\n\n\n<p style=\"text-align:center\"><strong>Critique m\u00e9thode Progressive Drum Book Vol 1 &amp; 2<\/strong><\/p>\n\n\n\n<div class=\"wp-block-image\"><figure class=\"alignleft\"><img decoding=\"async\" loading=\"lazy\" width=\"225\" height=\"300\" src=\"https:\/\/eddyros.com\/wp-content\/uploads\/2019\/02\/10440-ros_eddy_progressive_drum_book_1_batterie__cd-225x300.jpg\" alt=\"\" class=\"wp-image-228\" srcset=\"https:\/\/eddyros.com\/wp-content\/uploads\/2019\/02\/10440-ros_eddy_progressive_drum_book_1_batterie__cd-225x300.jpg 225w, https:\/\/eddyros.com\/wp-content\/uploads\/2019\/02\/10440-ros_eddy_progressive_drum_book_1_batterie__cd-225x300-188x250.jpg 188w\" sizes=\"(max-width: 225px) 100vw, 225px\" \/><figcaption>Progressive Drum Book 1<\/figcaption><\/figure><\/div>\n\n\n\n<div class=\"wp-block-image\"><figure class=\"alignright\"><img decoding=\"async\" loading=\"lazy\" width=\"218\" height=\"300\" src=\"https:\/\/eddyros.com\/wp-content\/uploads\/2019\/02\/pochette-vol-2-218x300.jpg\" alt=\"\" class=\"wp-image-229\" srcset=\"https:\/\/eddyros.com\/wp-content\/uploads\/2019\/02\/pochette-vol-2-218x300.jpg 218w, https:\/\/eddyros.com\/wp-content\/uploads\/2019\/02\/pochette-vol-2-218x300-182x250.jpg 182w\" sizes=\"(max-width: 218px) 100vw, 218px\" \/><figcaption>Progressive Drum Book 2<\/figcaption><\/figure><\/div>\n","protected":false},"excerpt":{"rendered":"<p>J\u2019ai \u00e9crit une m\u00e9thode de batterie en deux volumes le \u00abProgressive Drum Book\u00bb. Cette m\u00e9thode a pour objectifs d\u2019apprendre aux d\u00e9butants \u00e0 d\u00e9chiffrer le solf\u00e8ge rythmique, \u00e0 se familiariser avec tout le set de batterie et \u00e0 se faire plaisir en interpr\u00e9tant de vrais rythmes et fills. Outre les objectifs ci-dessus, cette m\u00e9thode vise aussi \u00e0 d\u00e9velopper la personnalit\u00e9 de l\u2019\u00e9l\u00e8ve et sa musicalit\u00e9 en jouant des grooves. Ceux-ci sont enregistr\u00e9s sur un CD joint \u00e0 chaque volume. L\u2019\u00e9l\u00e8ve peut s\u2019exercer accompagn\u00e9 par une guitare basse et un m\u00e9tronome ou, s\u2019il pr\u00e9f\u00e8re avec la batterie et la basse. Cette m\u00e9thode est faite pour les d\u00e9butants afin qu\u2019ils commencent la pratique de l\u2019instrument avec un outil convivial leur permettant de s\u2019exprimer pleinement sur tout l\u2019instrument et de d\u00e9velopper tr\u00e8s t\u00f4t des concepts chers \u00e0 mon \u00e9cole (ind\u00e9pendance, rigueur du tempo, groove, etc\u2026). Cette m\u00e9thode a \u00e9t\u00e9 pr\u00e9fac\u00e9e par 4 grands batteurs : Gilles Choir, Joe Porcaro, Robin Di Maggio et Dom Famularo. La m\u00e9thode est \u00e9dit\u00e9e aux&nbsp;\u00e9ditions Henry Lemoine. Elle est disponible dans toutes les librairies musicales et les magasins de musique. Vous pouvez \u00e9galement la trouver sur le site internet Drumbooksstore en cliquant sur les liens suivants : Progressive Drum Book Volume 1 Progressive Drum Book Volume 2 Pr\u00e9face de Dom Famularo : \u00abIt takes time, dedication,commitment, experience, passion and unending perseverence to write a very clearmethod for modern drum set. Eddy has succeededand set to learning that educational and fun ! EXCELLENT !\u00bb Pr\u00e9face de Joe Porcaro : \u00abThis drum manuel by Eddy Ros is one of the best systematic approaches torock drumming for beginning drummers.\u00bb Pr\u00e9face de Gilles Choir : \u00abCette m\u00e9thode r\u00e9unit avec talentet originalit\u00e9 tout ce dont un batteur a besoin de travailler pour pouvoirs\u2019exprimer sur l\u2019instrument. Une belle et int\u00e9ressante approche qui vous aidera \u00e0 d\u00e9velopper votre musicalit\u00e9. Bon travail \u00e0 tous !\u00bb Pr\u00e9face de Robin DiMaggio : \u00abThe wonderful approach that myfriend Eddy has compiled in his drum book will take you on a journey of modern rock drumming, apply the groove and enjoy.\u00bb Critique m\u00e9thode Progressive Drum Book Vol 1 &amp; 2<\/p>\n","protected":false},"author":1,"featured_media":0,"parent":0,"menu_order":0,"comment_status":"closed","ping_status":"closed","template":"","meta":[],"_links":{"self":[{"href":"https:\/\/eddyros.com\/fr\/wp-json\/wp\/v2\/pages\/714"}],"collection":[{"href":"https:\/\/eddyros.com\/fr\/wp-json\/wp\/v2\/pages"}],"about":[{"href":"https:\/\/eddyros.com\/fr\/wp-json\/wp\/v2\/types\/page"}],"author":[{"embeddable":true,"href":"https:\/\/eddyros.com\/fr\/wp-json\/wp\/v2\/users\/1"}],"replies":[{"embeddable":true,"href":"https:\/\/eddyros.com\/fr\/wp-json\/wp\/v2\/comments?post=714"}],"version-history":[{"count":3,"href":"https:\/\/eddyros.com\/fr\/wp-json\/wp\/v2\/pages\/714\/revisions"}],"predecessor-version":[{"id":718,"href":"https:\/\/eddyros.com\/fr\/wp-json\/wp\/v2\/pages\/714\/revisions\/718"}],"wp:attachment":[{"href":"https:\/\/eddyros.com\/fr\/wp-json\/wp\/v2\/media?parent=714"}],"curies":[{"name":"wp","href":"https:\/\/api.w.org\/{rel}","templated":true}]}}