{"id":725,"date":"2019-07-02T14:07:34","date_gmt":"2019-07-02T12:07:34","guid":{"rendered":"https:\/\/eddyros.com\/?page_id=725"},"modified":"2020-05-09T12:31:44","modified_gmt":"2020-05-09T10:31:44","slug":"les-cours","status":"publish","type":"page","link":"https:\/\/eddyros.com\/fr\/les-cours\/","title":{"rendered":"Les cours"},"content":{"rendered":"\n<p>L\u2019\u00e9cole de batterie Eddy Ros se diff\u00e9rencie des \u00e9coles traditionnelles par un enseignement bas\u00e9 sur de nouveaux concepts p\u00e9dagogiques et sur le d\u00e9veloppement de la personnalit\u00e9 \u00e0 la batterie.<\/p>\n\n\n\n<p>L\u2019\u00e9cole est parrain\u00e9e par&nbsp;<strong>DOM FAMULARO<\/strong>&nbsp;et&nbsp;<strong>EMMANUELLE CAPLETTE<\/strong>. L\u2019\u00e9cole accueille des \u00e9l\u00e8ves de tous \u00e2ges et de tous niveaux. L\u2019enseignement est assur\u00e9 par Eddy Ros, auteur d\u2019ouvrages p\u00e9dagogiques.<\/p>\n\n\n\n<p><strong>Tous les styles musicaux sont \u00e9tudi\u00e9s : blues, rock, jazz, funk, latin etc\u2026 <\/strong><\/p>\n\n\n\n<p>Les cours sont ax\u00e9s sur des m\u00e9thodes fran\u00e7aises comme le Progressive Drum Book d\u2019Eddy Ros, mais aussi avec des m\u00e9thodes am\u00e9ricaines : Stick Control, New Breed, Joe Porcaro, Gary Chaffee, Kim Plainfield, David Garibaldi\u2026<\/p>\n\n\n\n<p>L\u2019application musicale se fait avec des supports tels que : CD, MP3&nbsp;et des ateliers musicaux.<\/p>\n\n\n\n<p>Les performances des \u00e9l\u00e8ves peuvent \u00eatre enregistr\u00e9es en audio et\/ou en vid\u00e9o avec plusieurs angles de vue.<\/p>\n\n\n\n<p><strong>L\u2019enseignement se fait en suivant les go\u00fbts et les objectifs de l\u2019\u00e9l\u00e8ve. Il est donc personnalis\u00e9 en fonction de chacun. Ainsi l\u2019\u00e9l\u00e8ve avance \u00e0 son rythme pour atteindre ses objectifs.<\/strong><\/p>\n\n\n\n<p><strong>Les cours sont EXCLUSIVEMENT des cours particuliers.<\/strong><\/p>\n\n\n\n<p>L\u2019\u00e9cole organise \u00e9galement des ateliers musicaux, des stages et des master-class pour que les \u00e9l\u00e8ves puissent rencontrer et dialoguer avec des batteurs professionnels comme :&nbsp;<strong>Gilles Choir, Philippe Falliex, Robin DiMaggio, John JR Robinson, Andr\u00e9 Cecarrelli, Thomas Patris, Fabien Haimovici, David Pouradier Duteil, Gregg Bissonette, Russ Miller, Franck Aghulon,&nbsp;Jean Philippe Fanfant, Lo\u00efc Pontieux, Emmanuelle Caplette, Dom Famularo\u2026<\/strong><\/p>\n\n\n\n<h3>LES COURS PAR CORRESPONDANCE<\/h3>\n\n\n\n<p> Programme de cours enti\u00e8rement adapt\u00e9 \u00e0 votre niveau<br> Programme adapt\u00e9 en temps r\u00e9el \u00e0 vos besoins<br> \u00c9valuation de vos connaissance et de vos besoins<br> Envoi des exercices avec toutes les explications pour pouvoir les r\u00e9aliser<br> Validation des exercices<br> Assistance lors de votre travail<br> Pas de limites \u00e0 vos envois.<br> Pas de nombre de cours d\u00e9termin\u00e9s.<br> Gestion et ma\u00eetrise compl\u00e8te de votre temps et de votre travail. <\/p>\n\n\n\n<p>Option : une ou deux fois par an vous venez dans mon \u00e9cole pour que l\u2019on se rencontre et avoir un cours particulier ou je viens chez vous pour vous faire cours.<\/p>\n\n\n\n<p>Programme \u00e0 60 euros\/mois.<\/p>\n\n\n\n<p>Pour vous inscrire remplissez la fiche d\u2019inscription en cliquant sur le lien ci dessous.<\/p>\n\n\n\n<p><a href=\"https:\/\/docs.google.com\/forms\/d\/1V31egXXHymuIgiykYt3gZ90IyNhg2C0HZCz3G46a3q8\/viewform?usp=send_form\" target=\"_blank\" rel=\"noreferrer noopener\">FICHE INSCRIPTION : COURS PAR CORRESPONDANCE<\/a><\/p>\n\n\n\n<div class=\"wp-block-image\"><figure class=\"aligncenter is-resized\"><img decoding=\"async\" loading=\"lazy\" src=\"https:\/\/eddyros.com\/wp-content\/uploads\/2019\/10\/306675_4837007449352_768584745_n.jpg\" alt=\"\" class=\"wp-image-886\" width=\"360\" height=\"301\" srcset=\"https:\/\/eddyros.com\/wp-content\/uploads\/2019\/10\/306675_4837007449352_768584745_n.jpg 960w, https:\/\/eddyros.com\/wp-content\/uploads\/2019\/10\/306675_4837007449352_768584745_n-300x251.jpg 300w, https:\/\/eddyros.com\/wp-content\/uploads\/2019\/10\/306675_4837007449352_768584745_n-768x642.jpg 768w\" sizes=\"(max-width: 360px) 100vw, 360px\" \/><\/figure><\/div>\n\n\n<p><!--EndFragment--><\/p>","protected":false},"excerpt":{"rendered":"<p>L\u2019\u00e9cole de batterie Eddy Ros se diff\u00e9rencie des \u00e9coles traditionnelles par un enseignement bas\u00e9 sur de nouveaux concepts p\u00e9dagogiques et sur le d\u00e9veloppement de la personnalit\u00e9 \u00e0 la batterie. L\u2019\u00e9cole est parrain\u00e9e par&nbsp;DOM FAMULARO&nbsp;et&nbsp;EMMANUELLE CAPLETTE. L\u2019\u00e9cole accueille des \u00e9l\u00e8ves de tous \u00e2ges et de tous niveaux. L\u2019enseignement est assur\u00e9 par Eddy Ros, auteur d\u2019ouvrages p\u00e9dagogiques. Tous les styles musicaux sont \u00e9tudi\u00e9s : blues, rock, jazz, funk, latin etc\u2026 Les cours sont ax\u00e9s sur des m\u00e9thodes fran\u00e7aises comme le Progressive Drum Book d\u2019Eddy Ros, mais aussi avec des m\u00e9thodes am\u00e9ricaines : Stick Control, New Breed, Joe Porcaro, Gary Chaffee, Kim Plainfield, David Garibaldi\u2026 L\u2019application musicale se fait avec des supports tels que : CD, MP3&nbsp;et des ateliers musicaux. Les performances des \u00e9l\u00e8ves peuvent \u00eatre enregistr\u00e9es en audio et\/ou en vid\u00e9o avec plusieurs angles de vue. L\u2019enseignement se fait en suivant les go\u00fbts et les objectifs de l\u2019\u00e9l\u00e8ve. Il est donc personnalis\u00e9 en fonction de chacun. Ainsi l\u2019\u00e9l\u00e8ve avance \u00e0 son rythme pour atteindre ses objectifs. Les cours sont EXCLUSIVEMENT des cours particuliers. L\u2019\u00e9cole organise \u00e9galement des ateliers musicaux, des stages et des master-class pour que les \u00e9l\u00e8ves puissent rencontrer et dialoguer avec des batteurs professionnels comme :&nbsp;Gilles Choir, Philippe Falliex, Robin DiMaggio, John JR Robinson, Andr\u00e9 Cecarrelli, Thomas Patris, Fabien Haimovici, David Pouradier Duteil, Gregg Bissonette, Russ Miller, Franck Aghulon,&nbsp;Jean Philippe Fanfant, Lo\u00efc Pontieux, Emmanuelle Caplette, Dom Famularo\u2026 LES COURS PAR CORRESPONDANCE Programme de cours enti\u00e8rement adapt\u00e9 \u00e0 votre niveau Programme adapt\u00e9 en temps r\u00e9el \u00e0 vos besoins \u00c9valuation de vos connaissance et de vos besoins Envoi des exercices avec toutes les explications pour pouvoir les r\u00e9aliser Validation des exercices Assistance lors de votre travail Pas de limites \u00e0 vos envois. Pas de nombre de cours d\u00e9termin\u00e9s. Gestion et ma\u00eetrise compl\u00e8te de votre temps et de votre travail. Option : une ou deux fois par an vous venez dans mon \u00e9cole pour que l\u2019on se rencontre et avoir un cours particulier ou je viens chez vous pour vous faire cours. Programme \u00e0 60 euros\/mois. Pour vous inscrire remplissez la fiche d\u2019inscription en cliquant sur le lien ci dessous. FICHE INSCRIPTION : COURS PAR CORRESPONDANCE<\/p>\n","protected":false},"author":3,"featured_media":0,"parent":0,"menu_order":0,"comment_status":"closed","ping_status":"closed","template":"","meta":[],"_links":{"self":[{"href":"https:\/\/eddyros.com\/fr\/wp-json\/wp\/v2\/pages\/725"}],"collection":[{"href":"https:\/\/eddyros.com\/fr\/wp-json\/wp\/v2\/pages"}],"about":[{"href":"https:\/\/eddyros.com\/fr\/wp-json\/wp\/v2\/types\/page"}],"author":[{"embeddable":true,"href":"https:\/\/eddyros.com\/fr\/wp-json\/wp\/v2\/users\/3"}],"replies":[{"embeddable":true,"href":"https:\/\/eddyros.com\/fr\/wp-json\/wp\/v2\/comments?post=725"}],"version-history":[{"count":5,"href":"https:\/\/eddyros.com\/fr\/wp-json\/wp\/v2\/pages\/725\/revisions"}],"predecessor-version":[{"id":1808,"href":"https:\/\/eddyros.com\/fr\/wp-json\/wp\/v2\/pages\/725\/revisions\/1808"}],"wp:attachment":[{"href":"https:\/\/eddyros.com\/fr\/wp-json\/wp\/v2\/media?parent=725"}],"curies":[{"name":"wp","href":"https:\/\/api.w.org\/{rel}","templated":true}]}}